{"id":377617,"date":"2022-09-06T13:53:23","date_gmt":"2022-09-06T11:53:23","guid":{"rendered":"https:\/\/www.primo02.brandgarden.de\/kontakt\/"},"modified":"2023-03-02T16:13:24","modified_gmt":"2023-03-02T15:13:24","slug":"kontakt","status":"publish","type":"page","link":"https:\/\/primomic.de\/de\/kontakt\/","title":{"rendered":"Kontakt"},"content":{"rendered":"<p>[et_pb_section fb_built=&#8220;1&#8243; admin_label=&#8220;About Us Page Layout&#8220; module_class=&#8220;contact-page-banner&#8220; _builder_version=&#8220;4.19.4&#8243; background_image=&#8220;http:\/\/primomove.brandgarden.jp\/wp-content\/uploads\/2023\/01\/contactbg.jpg&#8220; custom_margin=&#8220;|||&#8220; custom_padding=&#8220;||0px|&#8220; bottom_divider_color=&#8220;#ffffff&#8220; bottom_divider_height=&#8220;158px&#8220; bottom_divider_repeat=&#8220;2.1x&#8220; bottom_divider_flip=&#8220;horizontal&#8220; collapsed=&#8220;on&#8220; global_colors_info=&#8220;{}&#8220;][et_pb_row _builder_version=&#8220;4.18.0&#8243; _module_preset=&#8220;default&#8220; max_width=&#8220;1170px&#8220; custom_margin=&#8220;112px|auto||auto|false|false&#8220; custom_padding=&#8220;||180px|||&#8220; global_colors_info=&#8220;{}&#8220;][et_pb_column type=&#8220;4_4&#8243; _builder_version=&#8220;4.18.0&#8243; _module_preset=&#8220;default&#8220; global_colors_info=&#8220;{}&#8220;][et_pb_text content_tablet=&#8220;<\/p>\n<h1><strong><span style=%22color: #ffffff;%22>Wir w\u00fcrden uns freuen,<br \/>von Ihnen zu h\u00f6ren.<\/span><\/strong><\/h1>\n<p>&#8220; content_phone=&#8220;<\/p>\n<h2><strong><span style=%22color: #ffffff;%22>Wir freuen uns,<br \/>von Ihnen zu h\u00f6ren.<\/span><\/strong><\/h2>\n<p>&#8220; content_last_edited=&#8220;on|phone&#8220; _builder_version=&#8220;4.20.0&#8243; _module_preset=&#8220;default&#8220; text_font=&#8220;|||on|||||&#8220; header_font=&#8220;||||||||&#8220; header_font_size=&#8220;65px&#8220; header_line_height=&#8220;1.3em&#8220; header_2_line_height=&#8220;1.2em&#8220; header_text_shadow_style=&#8220;preset3&#8243; header_text_shadow_horizontal_length=&#8220;0.06em&#8220; header_text_shadow_color=&#8220;rgba(0,0,0,0.64)&#8220; global_colors_info=&#8220;{}&#8220;]<\/p>\n<h1><strong><span style=\"color: #ffffff;\">Wir w\u00fcrden uns freuen,<br \/>von Ihnen zu h\u00f6ren.<\/span><\/strong><\/h1>\n<p>[\/et_pb_text][\/et_pb_column][\/et_pb_row][\/et_pb_section][et_pb_section fb_built=&#8220;1&#8243; admin_label=&#8220;In Touch Contact Form &#8211; Pegasus&#8220; module_class=&#8220;pegasus_form_2&#8243; _builder_version=&#8220;4.19.4&#8243; custom_padding=&#8220;60px||||false|false&#8220; z_index_tablet=&#8220;500&#8243; box_shadow_horizontal_tablet=&#8220;0px&#8220; box_shadow_vertical_tablet=&#8220;0px&#8220; box_shadow_blur_tablet=&#8220;40px&#8220; box_shadow_spread_tablet=&#8220;0px&#8220; collapsed=&#8220;off&#8220; global_colors_info=&#8220;{}&#8220;][et_pb_row column_structure=&#8220;2_3,1_3&#8243; use_custom_gutter=&#8220;on&#8220; gutter_width=&#8220;2&#8243; admin_label=&#8220;Contact Page Layout &#8220; _builder_version=&#8220;4.16&#8243; max_width=&#8220;1170px&#8220; custom_padding=&#8220;0vw||3.1vw|||&#8220; custom_css_main_element=&#8220; z-index: 10;&#8220; use_custom_width=&#8220;on&#8220; custom_width_px=&#8220;1170px&#8220; collapsed=&#8220;off&#8220; global_colors_info=&#8220;{}&#8220;][et_pb_column type=&#8220;2_3&#8243; _builder_version=&#8220;4.16&#8243; custom_padding=&#8220;|||&#8220; global_colors_info=&#8220;{}&#8220; custom_padding__hover=&#8220;|||&#8220;][et_pb_cta title=&#8220;Kontakt&#8220; disabled_on=&#8220;off|off|off&#8220; admin_label=&#8220;Get in touch with us&#8220; _builder_version=&#8220;4.20.0&#8243; header_level=&#8220;h1&#8243; header_font=&#8220;|500|||||||&#8220; header_text_align=&#8220;left&#8220; header_text_color=&#8220;#000000&#8243; header_font_size=&#8220;50px&#8220; header_line_height=&#8220;120%&#8220; body_font=&#8220;|500|||||||&#8220; body_text_align=&#8220;left&#8220; body_text_color=&#8220;#00265B&#8220; body_font_size=&#8220;18px&#8220; body_line_height=&#8220;130%&#8220; background_enable_color=&#8220;off&#8220; text_orientation=&#8220;left&#8220; custom_padding=&#8220;0px|0px|0px|0px|false|false&#8220; header_font_size_tablet=&#8220;40px&#8220; header_font_size_phone=&#8220;30px&#8220; header_font_size_last_edited=&#8220;on|phone&#8220; custom_css_promo_title=&#8220; padding-bottom: 6px;||margin-left: 0px;&#8220; global_colors_info=&#8220;{}&#8220; button_text_size__hover_enabled=&#8220;off&#8220; button_text_size__hover=&#8220;null&#8220; button_one_text_size__hover_enabled=&#8220;off&#8220; button_one_text_size__hover=&#8220;null&#8220; button_two_text_size__hover_enabled=&#8220;off&#8220; button_two_text_size__hover=&#8220;null&#8220; button_text_color__hover_enabled=&#8220;off&#8220; button_text_color__hover=&#8220;null&#8220; button_one_text_color__hover_enabled=&#8220;off&#8220; button_one_text_color__hover=&#8220;null&#8220; button_two_text_color__hover_enabled=&#8220;off&#8220; button_two_text_color__hover=&#8220;null&#8220; button_border_width__hover_enabled=&#8220;off&#8220; button_border_width__hover=&#8220;null&#8220; button_one_border_width__hover_enabled=&#8220;off&#8220; button_one_border_width__hover=&#8220;null&#8220; button_two_border_width__hover_enabled=&#8220;off&#8220; button_two_border_width__hover=&#8220;null&#8220; button_border_color__hover_enabled=&#8220;off&#8220; button_border_color__hover=&#8220;null&#8220; button_one_border_color__hover_enabled=&#8220;off&#8220; button_one_border_color__hover=&#8220;null&#8220; button_two_border_color__hover_enabled=&#8220;off&#8220; button_two_border_color__hover=&#8220;null&#8220; button_border_radius__hover_enabled=&#8220;off&#8220; button_border_radius__hover=&#8220;null&#8220; button_one_border_radius__hover_enabled=&#8220;off&#8220; button_one_border_radius__hover=&#8220;null&#8220; button_two_border_radius__hover_enabled=&#8220;off&#8220; button_two_border_radius__hover=&#8220;null&#8220; button_letter_spacing__hover_enabled=&#8220;off&#8220; button_letter_spacing__hover=&#8220;null&#8220; button_one_letter_spacing__hover_enabled=&#8220;off&#8220; button_one_letter_spacing__hover=&#8220;null&#8220; button_two_letter_spacing__hover_enabled=&#8220;off&#8220; button_two_letter_spacing__hover=&#8220;null&#8220; button_bg_color__hover_enabled=&#8220;off&#8220; button_bg_color__hover=&#8220;null&#8220; button_one_bg_color__hover_enabled=&#8220;off&#8220; button_one_bg_color__hover=&#8220;null&#8220; button_two_bg_color__hover_enabled=&#8220;off&#8220; button_two_bg_color__hover=&#8220;null&#8220;]<\/p>\n<p>Wenn Sie spezielle Fragen haben oder Ihr Projekt mit uns besprechen m\u00f6chten, f\u00fcllen Sie bitte das nachstehende Formular aus, und wir werden uns in K\u00fcrze mit Ihnen in Verbindung setzen.<\/p>\n<p>[\/et_pb_cta][ds_gravity_forms_for_divi form_id=&#8220;f1&#8243; radio_checked_background_color=&#8220;#00913A&#8220; radio_background_color=&#8220;#00913A&#8220; radio_list_item_error_color=&#8220;#00913A&#8220; _builder_version=&#8220;4.19.4&#8243; _module_preset=&#8220;default&#8220; custom_submit_button=&#8220;on&#8220; submit_button_text_color=&#8220;#ffffff&#8220; submit_button_bg_color=&#8220;RGBA(255,255,255,0)&#8220; submit_button_bg_use_color_gradient=&#8220;on&#8220; submit_button_bg_color_gradient_direction=&#8220;90deg&#8220; submit_button_bg_color_gradient_stops=&#8220;#00913a 0%|#00722b 100%&#8220; submit_button_border_radius=&#8220;41px&#8220; submit_button_font=&#8220;PT sans regular||||||||&#8220; custom_margin=&#8220;-15px||||false|false&#8220; custom_margin_tablet=&#8220;-15px||||false|false&#8220; custom_margin_phone=&#8220;-15px||||false|false&#8220; custom_margin_last_edited=&#8220;on|desktop&#8220; custom_padding=&#8220;0px|0px|0px|0px|false|false&#8220; global_colors_info=&#8220;{}&#8220; submit_button_bg_color__hover_enabled=&#8220;off|hover&#8220; submit_button_bg_use_color_gradient__hover=&#8220;off&#8220; submit_button_bg_color__hover=&#8220;RGBA(255,255,255,0)&#8220; submit_button_text_size__hover_enabled=&#8220;on|desktop&#8220; submit_button_border_color__hover_enabled=&#8220;on|hover&#8220; submit_button_border_color__hover=&#8220;#00913A&#8220; submit_button_border_radius__hover_enabled=&#8220;on|hover&#8220; submit_button_border_radius__hover=&#8220;41px&#8220; submit_button_text_color__hover_enabled=&#8220;on|desktop&#8220; submit_button_text_color__hover=&#8220;#00913A&#8220; submit_button_border_width__hover_enabled=&#8220;on|desktop&#8220;][\/ds_gravity_forms_for_divi][\/et_pb_column][et_pb_column type=&#8220;1_3&#8243; _builder_version=&#8220;4.16&#8243; background_color=&#8220;#ffffff&#8220; custom_padding=&#8220;4vw|1vw|4vw|1vw&#8220; custom_css_main_element=&#8220; box-shadow: 0 30px 70px 0 #e9edf2;|| border-radius: 6px;|| margin-top: 20px;&#8220; global_colors_info=&#8220;{}&#8220; custom_padding__hover=&#8220;|||&#8220;][et_pb_blurb title=&#8220;Telefon&#8220; use_icon=&#8220;on&#8220; font_icon=&#8220;&#xe00b;||divi||400&#8243; icon_color=&#8220;#00913A&#8220; image_icon_width=&#8220;48px&#8220; admin_label=&#8220;Phone&#8220; _builder_version=&#8220;4.20.0&#8243; header_font=&#8220;|500|||||||&#8220; header_text_color=&#8220;#090913&#8243; header_font_size=&#8220;20&#8243; header_line_height=&#8220;120%&#8220; body_font=&#8220;||||||||&#8220; body_text_color=&#8220;#989bac&#8220; body_font_size=&#8220;16&#8243; body_line_height=&#8220;180%&#8220; text_orientation=&#8220;center&#8220; custom_margin=&#8220;||37px|&#8220; animation=&#8220;off&#8220; hover_enabled=&#8220;0&#8243; header_font_size_tablet=&#8220;22px&#8220; header_font_size_phone=&#8220;20px&#8220; header_font_size_last_edited=&#8220;on|phone&#8220; custom_css_blurb_image=&#8220;margin-bottom: 15px;&#8220; custom_css_blurb_title=&#8220; &#8220; icon_font_size=&#8220;48px&#8220; global_colors_info=&#8220;{}&#8220; sticky_enabled=&#8220;0&#8243;]<\/p>\n<p><a href=\"tel:00496175%2093720\">+49 (0)6175 9372-0<\/a><\/p>\n<p>[\/et_pb_blurb][et_pb_blurb title=&#8220;Email&#8220; use_icon=&#8220;on&#8220; font_icon=&#8220;&#xe010;||divi||400&#8243; icon_color=&#8220;#00913A&#8220; image_icon_width=&#8220;48px&#8220; admin_label=&#8220;Email&#8220; _builder_version=&#8220;4.20.0&#8243; header_font=&#8220;|500|||||||&#8220; header_text_color=&#8220;#090913&#8243; header_font_size=&#8220;20&#8243; header_line_height=&#8220;120%&#8220; body_font=&#8220;||||||||&#8220; body_text_color=&#8220;#989bac&#8220; body_font_size=&#8220;16&#8243; body_line_height=&#8220;180%&#8220; text_orientation=&#8220;center&#8220; animation=&#8220;off&#8220; hover_enabled=&#8220;0&#8243; header_font_size_tablet=&#8220;22px&#8220; header_font_size_phone=&#8220;20px&#8220; header_font_size_last_edited=&#8220;on|phone&#8220; custom_css_blurb_image=&#8220;margin-bottom: 9px;&#8220; custom_css_blurb_title=&#8220; &#8220; icon_font_size=&#8220;48px&#8220; global_colors_info=&#8220;{}&#8220; sticky_enabled=&#8220;0&#8243;]<\/p>\n<a href=\"mailto:&#105;nfo&#64;&#112;rim&#111;&#109;&#105;c.&#100;&#101;\">&#105;n&#102;o&#64;p&#114;&#105;&#109;&#111;mic.&#100;&#101;<\/a>\n<p>[\/et_pb_blurb][et_pb_blurb title=&#8220;Adresse&#8220; use_icon=&#8220;on&#8220; font_icon=&#8220;&#xe01d;||divi||400&#8243; icon_color=&#8220;#00913A&#8220; image_icon_width=&#8220;48px&#8220; admin_label=&#8220;Address&#8220; _builder_version=&#8220;4.20.0&#8243; header_font=&#8220;|500|||||||&#8220; header_text_color=&#8220;#090913&#8243; header_font_size=&#8220;20&#8243; header_line_height=&#8220;120%&#8220; body_font=&#8220;||||||||&#8220; body_text_color=&#8220;#989bac&#8220; body_font_size=&#8220;16&#8243; body_line_height=&#8220;180%&#8220; text_orientation=&#8220;center&#8220; custom_margin=&#8220;||33px|&#8220; animation=&#8220;off&#8220; hover_enabled=&#8220;0&#8243; header_font_size_tablet=&#8220;22px&#8220; header_font_size_phone=&#8220;20px&#8220; header_font_size_last_edited=&#8220;on|phone&#8220; custom_css_blurb_image=&#8220;margin-bottom: 15px;&#8220; custom_css_blurb_title=&#8220; &#8220; icon_font_size=&#8220;48px&#8220; global_colors_info=&#8220;{}&#8220; sticky_enabled=&#8220;0&#8243;]<\/p>\n<p><span>Otto-Hahn-Str. 30a<br \/>61381 Friedrichsdorf, Germany<\/span><\/p>\n<p>[\/et_pb_blurb][et_pb_code _builder_version=&#8220;4.18.0&#8243; _module_preset=&#8220;default&#8220; global_colors_info=&#8220;{}&#8220;] <\/p>\n<div class=\"brlbs-cmpnt-container brlbs-cmpnt-content-blocker brlbs-cmpnt-with-individual-styles\" data-borlabs-cookie-content-blocker-id=\"google-maps\" data-borlabs-cookie-content=\"PGlmcmFtZSBzcmM9Imh0dHBzOi8vd3d3Lmdvb2dsZS5jb20vbWFwcy9lbWJlZD9wYj0hMW0xOCExbTEyITFtMyExZDI1NDkuNTU0ODQyMTY5OTM3ITJkOC42NTYxNiEzZDUwLjI4MTU2OTk5OTk5OTk5NSEybTMhMWYwITJmMCEzZjAhM20yITFpMTAyNCEyaTc2OCE0ZjEzLjEhM20zITFtMiExczB4NDdiZDAwZDFiMTU2NmY0ZCUzQTB4MzQwMDBiN2I3MmRjOTBmMiEyc1ByaW1vJTIwTWljcm9waG9uZXMlMjBHbWJIITVlMCEzbTIhMXNkZSEyc2RlITR2MTY2NjEwODkzNDg3MCE1bTIhMXNkZSEyc2RlIiB3aWR0aD0iNDAwIiBoZWlnaHQ9IjMwMCIgc3R5bGU9ImJvcmRlcjowOyIgYWxsb3dmdWxsc2NyZWVuPSIiIGxvYWRpbmc9ImxhenkiIHJlZmVycmVycG9saWN5PSJuby1yZWZlcnJlci13aGVuLWRvd25ncmFkZSI+PC9pZnJhbWU+\">\n<div class=\"brlbs-cmpnt-cb-preset-b brlbs-cmpnt-cb-google-maps\">\n<div class=\"brlbs-cmpnt-cb-thumbnail\" style=\"background-image: url('http:\/\/primomove.brandgarden.jp\/wp-content\/uploads\/borlabs-cookie\/1\/brlbs-cb-google-maps-main.png')\"><\/div>\n<div class=\"brlbs-cmpnt-cb-main\">\n<div class=\"brlbs-cmpnt-cb-content\">\n<p class=\"brlbs-cmpnt-cb-description\">Sie sehen gerade einen Platzhalterinhalt von <strong>Google Maps<\/strong>. Um auf den eigentlichen Inhalt zuzugreifen, klicken Sie auf die Schaltfl\u00e4che unten. Bitte beachten Sie, dass dabei Daten an Drittanbieter weitergegeben werden.<\/p>\n<p> <a class=\"brlbs-cmpnt-cb-provider-toggle\" href=\"#\" data-borlabs-cookie-show-provider-information role=\"button\">Mehr Informationen<\/a> <\/div>\n<div class=\"brlbs-cmpnt-cb-buttons\"> <a class=\"brlbs-cmpnt-cb-btn\" href=\"#\" data-borlabs-cookie-unblock role=\"button\">Inhalt entsperren<\/a> <a class=\"brlbs-cmpnt-cb-btn\" href=\"#\" data-borlabs-cookie-accept-service role=\"button\" style=\"display: inherit\">Erforderlichen Service akzeptieren und Inhalte entsperren<\/a> <\/div>\n<\/p><\/div>\n<\/p><\/div>\n<\/div>\n<p>[\/et_pb_code][\/et_pb_column][\/et_pb_row][\/et_pb_section]<\/p>\n","protected":false},"excerpt":{"rendered":"<p>Wir w\u00fcrden uns freuen,von Ihnen zu h\u00f6ren.Wenn Sie spezielle Fragen haben oder Ihr Projekt mit uns besprechen m\u00f6chten, f\u00fcllen Sie bitte das nachstehende Formular aus, und wir werden uns in K\u00fcrze mit Ihnen in Verbindung setzen.<div class=\"et_pb_module ds_gravity_forms_for_divi ds_gravity_forms_for_divi_0\">\n\t\t\t\t\n\t\t\t\t\n\t\t\t\t\n\t\t\t\t\n\t\t\t\t\n\t\t\t\t\n\t\t\t\t<div class=\"et_pb_module_inner\">\n\t\t\t\t\t<div class=\"ds-gfd-form-meta\"><h2 class=\"ds-gfd-title\"><\/h2><div class=\"ds-gfd-description\"><\/div><\/div><div class=\"ds-gfd-form-container\"><p class=\"gform_not_found\">Oops! Wir konnten dein Formular nicht lokalisieren.<\/p><\/div>\n\t\t\t\t<\/div>\n\t\t\t<\/div><\/p>\n","protected":false},"author":1,"featured_media":0,"parent":0,"menu_order":0,"comment_status":"closed","ping_status":"closed","template":"","meta":{"_et_pb_use_builder":"on","_et_pb_old_content":"","_et_gb_content_width":"","footnotes":""},"class_list":["post-377617","page","type-page","status-publish","hentry"],"_links":{"self":[{"href":"https:\/\/primomic.de\/de\/wp-json\/wp\/v2\/pages\/377617","targetHints":{"allow":["GET"]}}],"collection":[{"href":"https:\/\/primomic.de\/de\/wp-json\/wp\/v2\/pages"}],"about":[{"href":"https:\/\/primomic.de\/de\/wp-json\/wp\/v2\/types\/page"}],"author":[{"embeddable":true,"href":"https:\/\/primomic.de\/de\/wp-json\/wp\/v2\/users\/1"}],"replies":[{"embeddable":true,"href":"https:\/\/primomic.de\/de\/wp-json\/wp\/v2\/comments?post=377617"}],"version-history":[{"count":6,"href":"https:\/\/primomic.de\/de\/wp-json\/wp\/v2\/pages\/377617\/revisions"}],"predecessor-version":[{"id":377823,"href":"https:\/\/primomic.de\/de\/wp-json\/wp\/v2\/pages\/377617\/revisions\/377823"}],"wp:attachment":[{"href":"https:\/\/primomic.de\/de\/wp-json\/wp\/v2\/media?parent=377617"}],"curies":[{"name":"wp","href":"https:\/\/api.w.org\/{rel}","templated":true}]}}